{"id":268,"date":"2025-05-07T16:15:12","date_gmt":"2025-05-07T14:15:12","guid":{"rendered":"https:\/\/amayatech.com.do\/?page_id=268"},"modified":"2025-05-07T19:08:52","modified_gmt":"2025-05-07T17:08:52","slug":"redes-comunicaciones","status":"publish","type":"page","link":"https:\/\/amayatech.com.do\/?page_id=268","title":{"rendered":"Redes &#038; Comunicaciones"},"content":{"rendered":"\t\t<div data-elementor-type=\"wp-page\" data-elementor-id=\"268\" class=\"elementor elementor-268\">\n\t\t\t\t<div class=\"elementor-element elementor-element-0bad335 e-flex e-con-boxed e-con e-parent\" data-id=\"0bad335\" data-element_type=\"container\" data-e-type=\"container\">\n\t\t\t\t\t<div class=\"e-con-inner\">\n\t\t\t\t\t<\/div>\n\t\t\t\t<\/div>\n\t\t<div class=\"elementor-element elementor-element-d1a0932 e-flex e-con-boxed e-con e-parent\" data-id=\"d1a0932\" data-element_type=\"container\" data-e-type=\"container\">\n\t\t\t\t\t<div class=\"e-con-inner\">\n\t\t<div class=\"elementor-element elementor-element-765e9ee e-con-full e-flex e-con e-child\" data-id=\"765e9ee\" data-element_type=\"container\" data-e-type=\"container\">\n\t\t\t\t<div class=\"elementor-element elementor-element-f1dad2b elementor-widget elementor-widget-image\" data-id=\"f1dad2b\" data-element_type=\"widget\" data-e-type=\"widget\" data-widget_type=\"image.default\">\n\t\t\t\t<div class=\"elementor-widget-container\">\n\t\t\t\t\t\t\t\t\t\t\t\t\t\t\t<img fetchpriority=\"high\" decoding=\"async\" width=\"1000\" height=\"667\" src=\"https:\/\/amayatech.com.do\/wp-content\/uploads\/2025\/05\/2148779309.jpg\" class=\"attachment-large size-large wp-image-273\" alt=\"\" srcset=\"https:\/\/amayatech.com.do\/wp-content\/uploads\/2025\/05\/2148779309.jpg 1000w, https:\/\/amayatech.com.do\/wp-content\/uploads\/2025\/05\/2148779309-300x200.jpg 300w, https:\/\/amayatech.com.do\/wp-content\/uploads\/2025\/05\/2148779309-768x512.jpg 768w\" sizes=\"(max-width: 1000px) 100vw, 1000px\" \/>\t\t\t\t\t\t\t\t\t\t\t\t\t\t\t<\/div>\n\t\t\t\t<\/div>\n\t\t\t\t<\/div>\n\t\t<div class=\"elementor-element elementor-element-12282d6 e-con-full e-flex e-con e-child\" data-id=\"12282d6\" data-element_type=\"container\" data-e-type=\"container\">\n\t\t\t\t<div class=\"elementor-element elementor-element-2182775 elementor-widget elementor-widget-html\" data-id=\"2182775\" data-element_type=\"widget\" data-e-type=\"widget\" data-widget_type=\"html.default\">\n\t\t\t\t<div class=\"elementor-widget-container\">\n\t\t\t\t\t<div>\n\n    <p>\n        En <b>Amaya Tech<\/b>, ofrecemos soluciones robustas e inteligentes en Redes y Comunicaciones, orientadas a garantizar la conectividad, seguridad y eficiencia de la infraestructura tecnol\u00f3gica de tu organizaci\u00f3n.\n        <br><\/p>\n    <p>\n        <ul>\n    <li><b>Dise\u00f1o e instalaci\u00f3n de redes LAN\/WAN:<\/b> desde peque\u00f1as oficinas hasta infraestructuras corporativas complejas.<\/li>\n<li><b>Cableado Estructurado:<\/b> Dise\u00f1o y Planificaci\u00f3n de Redes, Instalaci\u00f3n de Cableado de Red, Cableado para Voz, Datos y Video, Certificaci\u00f3n de Red, entre otras.<\/li>\n<li><b>Redes inal\u00e1mbricas (Wi-Fi profesional):<\/b> cobertura total, rendimiento estable y gesti\u00f3n centralizada.<\/li>\n<li><b>Gesti\u00f3n y monitoreo de redes:<\/b> herramientas avanzadas para supervisar, optimizar y mantener la infraestructura en funcionamiento continuo.<\/li>\n        <\/ul>\n    <\/p>   \n    <p>\n       Nos aseguramos de que tu red sea un habilitador del negocio, no un punto de falla. Trabajamos con marcas l\u00edderes del sector y personal certificado para asegurar m\u00e1xima calidad.\n    <\/p>\n\n<\/div>\t\t\t\t<\/div>\n\t\t\t\t<\/div>\n\t\t\t\t<\/div>\n\t\t\t\t\t<\/div>\n\t\t\t\t<\/div>\n\t\t\t\t<\/div>\n\t\t","protected":false},"excerpt":{"rendered":"<p>En Amaya Tech, ofrecemos soluciones robustas e inteligentes en Redes y Comunicaciones, orientadas a garantizar la conectividad, seguridad y eficiencia de la infraestructura tecnol\u00f3gica de tu organizaci\u00f3n. Dise\u00f1o e instalaci\u00f3n de redes LAN\/WAN: desde peque\u00f1as oficinas hasta infraestructuras corporativas complejas. Cableado Estructurado: Dise\u00f1o y Planificaci\u00f3n de Redes, Instalaci\u00f3n de Cableado de Red, Cableado para Voz, [&hellip;]<\/p>\n","protected":false},"author":1,"featured_media":0,"parent":0,"menu_order":0,"comment_status":"closed","ping_status":"closed","template":"elementor_header_footer","meta":{"footnotes":""},"class_list":["post-268","page","type-page","status-publish","hentry"],"yoast_head":"<!-- This site is optimized with the Yoast SEO plugin v27.3 - https:\/\/yoast.com\/product\/yoast-seo-wordpress\/ -->\n<title>Redes &amp; Comunicaciones - Amaya Tech<\/title>\n<meta name=\"robots\" content=\"index, follow, max-snippet:-1, max-image-preview:large, max-video-preview:-1\" \/>\n<link rel=\"canonical\" href=\"https:\/\/amayatech.com.do\/?page_id=268\" \/>\n<meta property=\"og:locale\" content=\"es_ES\" \/>\n<meta property=\"og:type\" content=\"article\" \/>\n<meta property=\"og:title\" content=\"Redes &amp; Comunicaciones - Amaya Tech\" \/>\n<meta property=\"og:description\" content=\"En Amaya Tech, ofrecemos soluciones robustas e inteligentes en Redes y Comunicaciones, orientadas a garantizar la conectividad, seguridad y eficiencia de la infraestructura tecnol\u00f3gica de tu organizaci\u00f3n. Dise\u00f1o e instalaci\u00f3n de redes LAN\/WAN: desde peque\u00f1as oficinas hasta infraestructuras corporativas complejas. Cableado Estructurado: Dise\u00f1o y Planificaci\u00f3n de Redes, Instalaci\u00f3n de Cableado de Red, Cableado para Voz, [&hellip;]\" \/>\n<meta property=\"og:url\" content=\"https:\/\/amayatech.com.do\/?page_id=268\" \/>\n<meta property=\"og:site_name\" content=\"Amaya Tech\" \/>\n<meta property=\"article:publisher\" content=\"https:\/\/www.facebook.com\/profile.php?id=61560988652388\" \/>\n<meta property=\"article:modified_time\" content=\"2025-05-07T17:08:52+00:00\" \/>\n<meta property=\"og:image\" content=\"https:\/\/amayatech.com.do\/wp-content\/uploads\/2025\/05\/2148779309.jpg\" \/>\n<meta name=\"twitter:card\" content=\"summary_large_image\" \/>\n<meta name=\"twitter:label1\" content=\"Tiempo de lectura\" \/>\n\t<meta name=\"twitter:data1\" content=\"1 minuto\" \/>\n<script type=\"application\/ld+json\" class=\"yoast-schema-graph\">{\"@context\":\"https:\\\/\\\/schema.org\",\"@graph\":[{\"@type\":\"WebPage\",\"@id\":\"https:\\\/\\\/amayatech.com.do\\\/?page_id=268\",\"url\":\"https:\\\/\\\/amayatech.com.do\\\/?page_id=268\",\"name\":\"Redes & Comunicaciones - Amaya Tech\",\"isPartOf\":{\"@id\":\"https:\\\/\\\/amayatech.com.do\\\/#website\"},\"primaryImageOfPage\":{\"@id\":\"https:\\\/\\\/amayatech.com.do\\\/?page_id=268#primaryimage\"},\"image\":{\"@id\":\"https:\\\/\\\/amayatech.com.do\\\/?page_id=268#primaryimage\"},\"thumbnailUrl\":\"https:\\\/\\\/amayatech.com.do\\\/wp-content\\\/uploads\\\/2025\\\/05\\\/2148779309.jpg\",\"datePublished\":\"2025-05-07T14:15:12+00:00\",\"dateModified\":\"2025-05-07T17:08:52+00:00\",\"breadcrumb\":{\"@id\":\"https:\\\/\\\/amayatech.com.do\\\/?page_id=268#breadcrumb\"},\"inLanguage\":\"es\",\"potentialAction\":[{\"@type\":\"ReadAction\",\"target\":[\"https:\\\/\\\/amayatech.com.do\\\/?page_id=268\"]}]},{\"@type\":\"ImageObject\",\"inLanguage\":\"es\",\"@id\":\"https:\\\/\\\/amayatech.com.do\\\/?page_id=268#primaryimage\",\"url\":\"https:\\\/\\\/amayatech.com.do\\\/wp-content\\\/uploads\\\/2025\\\/05\\\/2148779309.jpg\",\"contentUrl\":\"https:\\\/\\\/amayatech.com.do\\\/wp-content\\\/uploads\\\/2025\\\/05\\\/2148779309.jpg\",\"width\":1000,\"height\":667},{\"@type\":\"BreadcrumbList\",\"@id\":\"https:\\\/\\\/amayatech.com.do\\\/?page_id=268#breadcrumb\",\"itemListElement\":[{\"@type\":\"ListItem\",\"position\":1,\"name\":\"Portada\",\"item\":\"https:\\\/\\\/amayatech.com.do\\\/\"},{\"@type\":\"ListItem\",\"position\":2,\"name\":\"Redes &#038; Comunicaciones\"}]},{\"@type\":\"WebSite\",\"@id\":\"https:\\\/\\\/amayatech.com.do\\\/#website\",\"url\":\"https:\\\/\\\/amayatech.com.do\\\/\",\"name\":\"Amaya Tech\",\"description\":\"\",\"publisher\":{\"@id\":\"https:\\\/\\\/amayatech.com.do\\\/#organization\"},\"potentialAction\":[{\"@type\":\"SearchAction\",\"target\":{\"@type\":\"EntryPoint\",\"urlTemplate\":\"https:\\\/\\\/amayatech.com.do\\\/?s={search_term_string}\"},\"query-input\":{\"@type\":\"PropertyValueSpecification\",\"valueRequired\":true,\"valueName\":\"search_term_string\"}}],\"inLanguage\":\"es\"},{\"@type\":\"Organization\",\"@id\":\"https:\\\/\\\/amayatech.com.do\\\/#organization\",\"name\":\"Amaya Tech\",\"url\":\"https:\\\/\\\/amayatech.com.do\\\/\",\"logo\":{\"@type\":\"ImageObject\",\"inLanguage\":\"es\",\"@id\":\"https:\\\/\\\/amayatech.com.do\\\/#\\\/schema\\\/logo\\\/image\\\/\",\"url\":\"https:\\\/\\\/amayatech.com.do\\\/wp-content\\\/uploads\\\/2025\\\/05\\\/cropped-LOGO-AMAYA-TECH-COMPLETO-1-scaled-1.png\",\"contentUrl\":\"https:\\\/\\\/amayatech.com.do\\\/wp-content\\\/uploads\\\/2025\\\/05\\\/cropped-LOGO-AMAYA-TECH-COMPLETO-1-scaled-1.png\",\"width\":2360,\"height\":488,\"caption\":\"Amaya Tech\"},\"image\":{\"@id\":\"https:\\\/\\\/amayatech.com.do\\\/#\\\/schema\\\/logo\\\/image\\\/\"},\"sameAs\":[\"https:\\\/\\\/www.facebook.com\\\/profile.php?id=61560988652388\",\"https:\\\/\\\/www.instagram.com\\\/amayatechrd\\\/\",\"http:\\\/\\\/linkedin.com\\\/in\\\/amaya-tech-b67991309\"]}]}<\/script>\n<!-- \/ Yoast SEO plugin. -->","yoast_head_json":{"title":"Redes & Comunicaciones - Amaya Tech","robots":{"index":"index","follow":"follow","max-snippet":"max-snippet:-1","max-image-preview":"max-image-preview:large","max-video-preview":"max-video-preview:-1"},"canonical":"https:\/\/amayatech.com.do\/?page_id=268","og_locale":"es_ES","og_type":"article","og_title":"Redes & Comunicaciones - Amaya Tech","og_description":"En Amaya Tech, ofrecemos soluciones robustas e inteligentes en Redes y Comunicaciones, orientadas a garantizar la conectividad, seguridad y eficiencia de la infraestructura tecnol\u00f3gica de tu organizaci\u00f3n. Dise\u00f1o e instalaci\u00f3n de redes LAN\/WAN: desde peque\u00f1as oficinas hasta infraestructuras corporativas complejas. Cableado Estructurado: Dise\u00f1o y Planificaci\u00f3n de Redes, Instalaci\u00f3n de Cableado de Red, Cableado para Voz, [&hellip;]","og_url":"https:\/\/amayatech.com.do\/?page_id=268","og_site_name":"Amaya Tech","article_publisher":"https:\/\/www.facebook.com\/profile.php?id=61560988652388","article_modified_time":"2025-05-07T17:08:52+00:00","og_image":[{"url":"https:\/\/amayatech.com.do\/wp-content\/uploads\/2025\/05\/2148779309.jpg","type":"","width":"","height":""}],"twitter_card":"summary_large_image","twitter_misc":{"Tiempo de lectura":"1 minuto"},"schema":{"@context":"https:\/\/schema.org","@graph":[{"@type":"WebPage","@id":"https:\/\/amayatech.com.do\/?page_id=268","url":"https:\/\/amayatech.com.do\/?page_id=268","name":"Redes & Comunicaciones - Amaya Tech","isPartOf":{"@id":"https:\/\/amayatech.com.do\/#website"},"primaryImageOfPage":{"@id":"https:\/\/amayatech.com.do\/?page_id=268#primaryimage"},"image":{"@id":"https:\/\/amayatech.com.do\/?page_id=268#primaryimage"},"thumbnailUrl":"https:\/\/amayatech.com.do\/wp-content\/uploads\/2025\/05\/2148779309.jpg","datePublished":"2025-05-07T14:15:12+00:00","dateModified":"2025-05-07T17:08:52+00:00","breadcrumb":{"@id":"https:\/\/amayatech.com.do\/?page_id=268#breadcrumb"},"inLanguage":"es","potentialAction":[{"@type":"ReadAction","target":["https:\/\/amayatech.com.do\/?page_id=268"]}]},{"@type":"ImageObject","inLanguage":"es","@id":"https:\/\/amayatech.com.do\/?page_id=268#primaryimage","url":"https:\/\/amayatech.com.do\/wp-content\/uploads\/2025\/05\/2148779309.jpg","contentUrl":"https:\/\/amayatech.com.do\/wp-content\/uploads\/2025\/05\/2148779309.jpg","width":1000,"height":667},{"@type":"BreadcrumbList","@id":"https:\/\/amayatech.com.do\/?page_id=268#breadcrumb","itemListElement":[{"@type":"ListItem","position":1,"name":"Portada","item":"https:\/\/amayatech.com.do\/"},{"@type":"ListItem","position":2,"name":"Redes &#038; Comunicaciones"}]},{"@type":"WebSite","@id":"https:\/\/amayatech.com.do\/#website","url":"https:\/\/amayatech.com.do\/","name":"Amaya Tech","description":"","publisher":{"@id":"https:\/\/amayatech.com.do\/#organization"},"potentialAction":[{"@type":"SearchAction","target":{"@type":"EntryPoint","urlTemplate":"https:\/\/amayatech.com.do\/?s={search_term_string}"},"query-input":{"@type":"PropertyValueSpecification","valueRequired":true,"valueName":"search_term_string"}}],"inLanguage":"es"},{"@type":"Organization","@id":"https:\/\/amayatech.com.do\/#organization","name":"Amaya Tech","url":"https:\/\/amayatech.com.do\/","logo":{"@type":"ImageObject","inLanguage":"es","@id":"https:\/\/amayatech.com.do\/#\/schema\/logo\/image\/","url":"https:\/\/amayatech.com.do\/wp-content\/uploads\/2025\/05\/cropped-LOGO-AMAYA-TECH-COMPLETO-1-scaled-1.png","contentUrl":"https:\/\/amayatech.com.do\/wp-content\/uploads\/2025\/05\/cropped-LOGO-AMAYA-TECH-COMPLETO-1-scaled-1.png","width":2360,"height":488,"caption":"Amaya Tech"},"image":{"@id":"https:\/\/amayatech.com.do\/#\/schema\/logo\/image\/"},"sameAs":["https:\/\/www.facebook.com\/profile.php?id=61560988652388","https:\/\/www.instagram.com\/amayatechrd\/","http:\/\/linkedin.com\/in\/amaya-tech-b67991309"]}]}},"_links":{"self":[{"href":"https:\/\/amayatech.com.do\/index.php?rest_route=\/wp\/v2\/pages\/268","targetHints":{"allow":["GET"]}}],"collection":[{"href":"https:\/\/amayatech.com.do\/index.php?rest_route=\/wp\/v2\/pages"}],"about":[{"href":"https:\/\/amayatech.com.do\/index.php?rest_route=\/wp\/v2\/types\/page"}],"author":[{"embeddable":true,"href":"https:\/\/amayatech.com.do\/index.php?rest_route=\/wp\/v2\/users\/1"}],"replies":[{"embeddable":true,"href":"https:\/\/amayatech.com.do\/index.php?rest_route=%2Fwp%2Fv2%2Fcomments&post=268"}],"version-history":[{"count":11,"href":"https:\/\/amayatech.com.do\/index.php?rest_route=\/wp\/v2\/pages\/268\/revisions"}],"predecessor-version":[{"id":387,"href":"https:\/\/amayatech.com.do\/index.php?rest_route=\/wp\/v2\/pages\/268\/revisions\/387"}],"wp:attachment":[{"href":"https:\/\/amayatech.com.do\/index.php?rest_route=%2Fwp%2Fv2%2Fmedia&parent=268"}],"curies":[{"name":"wp","href":"https:\/\/api.w.org\/{rel}","templated":true}]}}