{"id":281,"date":"2025-05-07T16:27:17","date_gmt":"2025-05-07T14:27:17","guid":{"rendered":"https:\/\/amayatech.com.do\/?page_id=281"},"modified":"2025-05-07T16:34:05","modified_gmt":"2025-05-07T14:34:05","slug":"infraestructura-it","status":"publish","type":"page","link":"https:\/\/amayatech.com.do\/?page_id=281","title":{"rendered":"Infraestructura IT"},"content":{"rendered":"\t\t<div data-elementor-type=\"wp-page\" data-elementor-id=\"281\" class=\"elementor elementor-281\">\n\t\t\t\t<div class=\"elementor-element elementor-element-0bad335 e-flex e-con-boxed e-con e-parent\" data-id=\"0bad335\" data-element_type=\"container\" data-e-type=\"container\">\n\t\t\t\t\t<div class=\"e-con-inner\">\n\t\t\t\t\t<\/div>\n\t\t\t\t<\/div>\n\t\t<div class=\"elementor-element elementor-element-d1a0932 e-flex e-con-boxed e-con e-parent\" data-id=\"d1a0932\" data-element_type=\"container\" data-e-type=\"container\">\n\t\t\t\t\t<div class=\"e-con-inner\">\n\t\t<div class=\"elementor-element elementor-element-765e9ee e-con-full e-flex e-con e-child\" data-id=\"765e9ee\" data-element_type=\"container\" data-e-type=\"container\">\n\t\t\t\t<div class=\"elementor-element elementor-element-f1dad2b elementor-widget elementor-widget-image\" data-id=\"f1dad2b\" data-element_type=\"widget\" data-e-type=\"widget\" data-widget_type=\"image.default\">\n\t\t\t\t<div class=\"elementor-widget-container\">\n\t\t\t\t\t\t\t\t\t\t\t\t\t\t\t<img fetchpriority=\"high\" decoding=\"async\" width=\"1024\" height=\"683\" src=\"https:\/\/amayatech.com.do\/wp-content\/uploads\/2025\/05\/2151003791-1024x683.jpg\" class=\"attachment-large size-large wp-image-289\" alt=\"\" srcset=\"https:\/\/amayatech.com.do\/wp-content\/uploads\/2025\/05\/2151003791-1024x683.jpg 1024w, https:\/\/amayatech.com.do\/wp-content\/uploads\/2025\/05\/2151003791-300x200.jpg 300w, https:\/\/amayatech.com.do\/wp-content\/uploads\/2025\/05\/2151003791-768x512.jpg 768w, https:\/\/amayatech.com.do\/wp-content\/uploads\/2025\/05\/2151003791.jpg 1500w\" sizes=\"(max-width: 1024px) 100vw, 1024px\" \/>\t\t\t\t\t\t\t\t\t\t\t\t\t\t\t<\/div>\n\t\t\t\t<\/div>\n\t\t\t\t<\/div>\n\t\t<div class=\"elementor-element elementor-element-12282d6 e-con-full e-flex e-con e-child\" data-id=\"12282d6\" data-element_type=\"container\" data-e-type=\"container\">\n\t\t\t\t<div class=\"elementor-element elementor-element-2182775 elementor-widget elementor-widget-html\" data-id=\"2182775\" data-element_type=\"widget\" data-e-type=\"widget\" data-widget_type=\"html.default\">\n\t\t\t\t<div class=\"elementor-widget-container\">\n\t\t\t\t\t<div>\n\n    <p>\n        En <b>Amaya Tech<\/b>, ofrecemos soluciones de Infraestructura IT dise\u00f1adas para soportar de forma s\u00f3lida, segura y escalable todos los procesos tecnol\u00f3gicos de tu organizaci\u00f3n, asegurando rendimiento, disponibilidad y crecimiento sostenido.\n        <br><\/p>\n       \n    <p>\n        <ul>\n    <li><b>Virtualizaci\u00f3n y nube h\u00edbrida:<\/b> optimizamos el uso de recursos mediante tecnolog\u00edas como VMware, Hyper-V, Azure y AWS.<\/li>\n<li><b>Alta disponibilidad y redundancia:<\/b> configuramos arquitecturas tolerantes a fallos para minimizar el downtime.<\/li>\n<li><b>Gesti\u00f3n proactiva y mantenimiento:<\/b> monitoreo constante, parches de seguridad, actualizaciones y soporte t\u00e9cnico.<\/li>\n\n        <\/ul>\n    <\/p>   \n    <p>\n       Nuestro enfoque combina tecnolog\u00eda de punta y mejores pr\u00e1cticas para brindarte una infraestructura robusta, flexible y preparada para el futuro.\n    <\/p>\n\n<\/div>\t\t\t\t<\/div>\n\t\t\t\t<\/div>\n\t\t\t\t<\/div>\n\t\t\t\t\t<\/div>\n\t\t\t\t<\/div>\n\t\t\t\t<\/div>\n\t\t","protected":false},"excerpt":{"rendered":"<p>En Amaya Tech, ofrecemos soluciones de Infraestructura IT dise\u00f1adas para soportar de forma s\u00f3lida, segura y escalable todos los procesos tecnol\u00f3gicos de tu organizaci\u00f3n, asegurando rendimiento, disponibilidad y crecimiento sostenido. Virtualizaci\u00f3n y nube h\u00edbrida: optimizamos el uso de recursos mediante tecnolog\u00edas como VMware, Hyper-V, Azure y AWS. Alta disponibilidad y redundancia: configuramos arquitecturas tolerantes a [&hellip;]<\/p>\n","protected":false},"author":1,"featured_media":0,"parent":0,"menu_order":0,"comment_status":"closed","ping_status":"closed","template":"elementor_header_footer","meta":{"footnotes":""},"class_list":["post-281","page","type-page","status-publish","hentry"],"yoast_head":"<!-- This site is optimized with the Yoast SEO plugin v27.3 - https:\/\/yoast.com\/product\/yoast-seo-wordpress\/ -->\n<title>Infraestructura IT - Amaya Tech<\/title>\n<meta name=\"robots\" content=\"index, follow, max-snippet:-1, max-image-preview:large, max-video-preview:-1\" \/>\n<link rel=\"canonical\" href=\"https:\/\/amayatech.com.do\/?page_id=281\" \/>\n<meta property=\"og:locale\" content=\"es_ES\" \/>\n<meta property=\"og:type\" content=\"article\" \/>\n<meta property=\"og:title\" content=\"Infraestructura IT - Amaya Tech\" \/>\n<meta property=\"og:description\" content=\"En Amaya Tech, ofrecemos soluciones de Infraestructura IT dise\u00f1adas para soportar de forma s\u00f3lida, segura y escalable todos los procesos tecnol\u00f3gicos de tu organizaci\u00f3n, asegurando rendimiento, disponibilidad y crecimiento sostenido. Virtualizaci\u00f3n y nube h\u00edbrida: optimizamos el uso de recursos mediante tecnolog\u00edas como VMware, Hyper-V, Azure y AWS. Alta disponibilidad y redundancia: configuramos arquitecturas tolerantes a [&hellip;]\" \/>\n<meta property=\"og:url\" content=\"https:\/\/amayatech.com.do\/?page_id=281\" \/>\n<meta property=\"og:site_name\" content=\"Amaya Tech\" \/>\n<meta property=\"article:publisher\" content=\"https:\/\/www.facebook.com\/profile.php?id=61560988652388\" \/>\n<meta property=\"article:modified_time\" content=\"2025-05-07T14:34:05+00:00\" \/>\n<meta property=\"og:image\" content=\"https:\/\/amayatech.com.do\/wp-content\/uploads\/2025\/05\/2151003791-1024x683.jpg\" \/>\n<meta name=\"twitter:card\" content=\"summary_large_image\" \/>\n<meta name=\"twitter:label1\" content=\"Tiempo de lectura\" \/>\n\t<meta name=\"twitter:data1\" content=\"1 minuto\" \/>\n<script type=\"application\/ld+json\" class=\"yoast-schema-graph\">{\"@context\":\"https:\\\/\\\/schema.org\",\"@graph\":[{\"@type\":\"WebPage\",\"@id\":\"https:\\\/\\\/amayatech.com.do\\\/?page_id=281\",\"url\":\"https:\\\/\\\/amayatech.com.do\\\/?page_id=281\",\"name\":\"Infraestructura IT - Amaya Tech\",\"isPartOf\":{\"@id\":\"https:\\\/\\\/amayatech.com.do\\\/#website\"},\"primaryImageOfPage\":{\"@id\":\"https:\\\/\\\/amayatech.com.do\\\/?page_id=281#primaryimage\"},\"image\":{\"@id\":\"https:\\\/\\\/amayatech.com.do\\\/?page_id=281#primaryimage\"},\"thumbnailUrl\":\"https:\\\/\\\/amayatech.com.do\\\/wp-content\\\/uploads\\\/2025\\\/05\\\/2151003791-1024x683.jpg\",\"datePublished\":\"2025-05-07T14:27:17+00:00\",\"dateModified\":\"2025-05-07T14:34:05+00:00\",\"breadcrumb\":{\"@id\":\"https:\\\/\\\/amayatech.com.do\\\/?page_id=281#breadcrumb\"},\"inLanguage\":\"es\",\"potentialAction\":[{\"@type\":\"ReadAction\",\"target\":[\"https:\\\/\\\/amayatech.com.do\\\/?page_id=281\"]}]},{\"@type\":\"ImageObject\",\"inLanguage\":\"es\",\"@id\":\"https:\\\/\\\/amayatech.com.do\\\/?page_id=281#primaryimage\",\"url\":\"https:\\\/\\\/amayatech.com.do\\\/wp-content\\\/uploads\\\/2025\\\/05\\\/2151003791.jpg\",\"contentUrl\":\"https:\\\/\\\/amayatech.com.do\\\/wp-content\\\/uploads\\\/2025\\\/05\\\/2151003791.jpg\",\"width\":1500,\"height\":1000},{\"@type\":\"BreadcrumbList\",\"@id\":\"https:\\\/\\\/amayatech.com.do\\\/?page_id=281#breadcrumb\",\"itemListElement\":[{\"@type\":\"ListItem\",\"position\":1,\"name\":\"Portada\",\"item\":\"https:\\\/\\\/amayatech.com.do\\\/\"},{\"@type\":\"ListItem\",\"position\":2,\"name\":\"Infraestructura IT\"}]},{\"@type\":\"WebSite\",\"@id\":\"https:\\\/\\\/amayatech.com.do\\\/#website\",\"url\":\"https:\\\/\\\/amayatech.com.do\\\/\",\"name\":\"Amaya Tech\",\"description\":\"\",\"publisher\":{\"@id\":\"https:\\\/\\\/amayatech.com.do\\\/#organization\"},\"potentialAction\":[{\"@type\":\"SearchAction\",\"target\":{\"@type\":\"EntryPoint\",\"urlTemplate\":\"https:\\\/\\\/amayatech.com.do\\\/?s={search_term_string}\"},\"query-input\":{\"@type\":\"PropertyValueSpecification\",\"valueRequired\":true,\"valueName\":\"search_term_string\"}}],\"inLanguage\":\"es\"},{\"@type\":\"Organization\",\"@id\":\"https:\\\/\\\/amayatech.com.do\\\/#organization\",\"name\":\"Amaya Tech\",\"url\":\"https:\\\/\\\/amayatech.com.do\\\/\",\"logo\":{\"@type\":\"ImageObject\",\"inLanguage\":\"es\",\"@id\":\"https:\\\/\\\/amayatech.com.do\\\/#\\\/schema\\\/logo\\\/image\\\/\",\"url\":\"https:\\\/\\\/amayatech.com.do\\\/wp-content\\\/uploads\\\/2025\\\/05\\\/cropped-LOGO-AMAYA-TECH-COMPLETO-1-scaled-1.png\",\"contentUrl\":\"https:\\\/\\\/amayatech.com.do\\\/wp-content\\\/uploads\\\/2025\\\/05\\\/cropped-LOGO-AMAYA-TECH-COMPLETO-1-scaled-1.png\",\"width\":2360,\"height\":488,\"caption\":\"Amaya Tech\"},\"image\":{\"@id\":\"https:\\\/\\\/amayatech.com.do\\\/#\\\/schema\\\/logo\\\/image\\\/\"},\"sameAs\":[\"https:\\\/\\\/www.facebook.com\\\/profile.php?id=61560988652388\",\"https:\\\/\\\/www.instagram.com\\\/amayatechrd\\\/\",\"http:\\\/\\\/linkedin.com\\\/in\\\/amaya-tech-b67991309\"]}]}<\/script>\n<!-- \/ Yoast SEO plugin. -->","yoast_head_json":{"title":"Infraestructura IT - Amaya Tech","robots":{"index":"index","follow":"follow","max-snippet":"max-snippet:-1","max-image-preview":"max-image-preview:large","max-video-preview":"max-video-preview:-1"},"canonical":"https:\/\/amayatech.com.do\/?page_id=281","og_locale":"es_ES","og_type":"article","og_title":"Infraestructura IT - Amaya Tech","og_description":"En Amaya Tech, ofrecemos soluciones de Infraestructura IT dise\u00f1adas para soportar de forma s\u00f3lida, segura y escalable todos los procesos tecnol\u00f3gicos de tu organizaci\u00f3n, asegurando rendimiento, disponibilidad y crecimiento sostenido. Virtualizaci\u00f3n y nube h\u00edbrida: optimizamos el uso de recursos mediante tecnolog\u00edas como VMware, Hyper-V, Azure y AWS. Alta disponibilidad y redundancia: configuramos arquitecturas tolerantes a [&hellip;]","og_url":"https:\/\/amayatech.com.do\/?page_id=281","og_site_name":"Amaya Tech","article_publisher":"https:\/\/www.facebook.com\/profile.php?id=61560988652388","article_modified_time":"2025-05-07T14:34:05+00:00","og_image":[{"url":"https:\/\/amayatech.com.do\/wp-content\/uploads\/2025\/05\/2151003791-1024x683.jpg","type":"","width":"","height":""}],"twitter_card":"summary_large_image","twitter_misc":{"Tiempo de lectura":"1 minuto"},"schema":{"@context":"https:\/\/schema.org","@graph":[{"@type":"WebPage","@id":"https:\/\/amayatech.com.do\/?page_id=281","url":"https:\/\/amayatech.com.do\/?page_id=281","name":"Infraestructura IT - Amaya Tech","isPartOf":{"@id":"https:\/\/amayatech.com.do\/#website"},"primaryImageOfPage":{"@id":"https:\/\/amayatech.com.do\/?page_id=281#primaryimage"},"image":{"@id":"https:\/\/amayatech.com.do\/?page_id=281#primaryimage"},"thumbnailUrl":"https:\/\/amayatech.com.do\/wp-content\/uploads\/2025\/05\/2151003791-1024x683.jpg","datePublished":"2025-05-07T14:27:17+00:00","dateModified":"2025-05-07T14:34:05+00:00","breadcrumb":{"@id":"https:\/\/amayatech.com.do\/?page_id=281#breadcrumb"},"inLanguage":"es","potentialAction":[{"@type":"ReadAction","target":["https:\/\/amayatech.com.do\/?page_id=281"]}]},{"@type":"ImageObject","inLanguage":"es","@id":"https:\/\/amayatech.com.do\/?page_id=281#primaryimage","url":"https:\/\/amayatech.com.do\/wp-content\/uploads\/2025\/05\/2151003791.jpg","contentUrl":"https:\/\/amayatech.com.do\/wp-content\/uploads\/2025\/05\/2151003791.jpg","width":1500,"height":1000},{"@type":"BreadcrumbList","@id":"https:\/\/amayatech.com.do\/?page_id=281#breadcrumb","itemListElement":[{"@type":"ListItem","position":1,"name":"Portada","item":"https:\/\/amayatech.com.do\/"},{"@type":"ListItem","position":2,"name":"Infraestructura IT"}]},{"@type":"WebSite","@id":"https:\/\/amayatech.com.do\/#website","url":"https:\/\/amayatech.com.do\/","name":"Amaya Tech","description":"","publisher":{"@id":"https:\/\/amayatech.com.do\/#organization"},"potentialAction":[{"@type":"SearchAction","target":{"@type":"EntryPoint","urlTemplate":"https:\/\/amayatech.com.do\/?s={search_term_string}"},"query-input":{"@type":"PropertyValueSpecification","valueRequired":true,"valueName":"search_term_string"}}],"inLanguage":"es"},{"@type":"Organization","@id":"https:\/\/amayatech.com.do\/#organization","name":"Amaya Tech","url":"https:\/\/amayatech.com.do\/","logo":{"@type":"ImageObject","inLanguage":"es","@id":"https:\/\/amayatech.com.do\/#\/schema\/logo\/image\/","url":"https:\/\/amayatech.com.do\/wp-content\/uploads\/2025\/05\/cropped-LOGO-AMAYA-TECH-COMPLETO-1-scaled-1.png","contentUrl":"https:\/\/amayatech.com.do\/wp-content\/uploads\/2025\/05\/cropped-LOGO-AMAYA-TECH-COMPLETO-1-scaled-1.png","width":2360,"height":488,"caption":"Amaya Tech"},"image":{"@id":"https:\/\/amayatech.com.do\/#\/schema\/logo\/image\/"},"sameAs":["https:\/\/www.facebook.com\/profile.php?id=61560988652388","https:\/\/www.instagram.com\/amayatechrd\/","http:\/\/linkedin.com\/in\/amaya-tech-b67991309"]}]}},"_links":{"self":[{"href":"https:\/\/amayatech.com.do\/index.php?rest_route=\/wp\/v2\/pages\/281","targetHints":{"allow":["GET"]}}],"collection":[{"href":"https:\/\/amayatech.com.do\/index.php?rest_route=\/wp\/v2\/pages"}],"about":[{"href":"https:\/\/amayatech.com.do\/index.php?rest_route=\/wp\/v2\/types\/page"}],"author":[{"embeddable":true,"href":"https:\/\/amayatech.com.do\/index.php?rest_route=\/wp\/v2\/users\/1"}],"replies":[{"embeddable":true,"href":"https:\/\/amayatech.com.do\/index.php?rest_route=%2Fwp%2Fv2%2Fcomments&post=281"}],"version-history":[{"count":8,"href":"https:\/\/amayatech.com.do\/index.php?rest_route=\/wp\/v2\/pages\/281\/revisions"}],"predecessor-version":[{"id":293,"href":"https:\/\/amayatech.com.do\/index.php?rest_route=\/wp\/v2\/pages\/281\/revisions\/293"}],"wp:attachment":[{"href":"https:\/\/amayatech.com.do\/index.php?rest_route=%2Fwp%2Fv2%2Fmedia&parent=281"}],"curies":[{"name":"wp","href":"https:\/\/api.w.org\/{rel}","templated":true}]}}