{"id":312,"date":"2025-05-07T16:58:57","date_gmt":"2025-05-07T14:58:57","guid":{"rendered":"https:\/\/amayatech.com.do\/?page_id=312"},"modified":"2025-05-07T17:16:35","modified_gmt":"2025-05-07T15:16:35","slug":"seguridad-electronica","status":"publish","type":"page","link":"https:\/\/amayatech.com.do\/?page_id=312","title":{"rendered":"Seguridad Electr\u00f3nica"},"content":{"rendered":"\t\t<div data-elementor-type=\"wp-page\" data-elementor-id=\"312\" class=\"elementor elementor-312\">\n\t\t\t\t<div class=\"elementor-element elementor-element-0bad335 e-flex e-con-boxed e-con e-parent\" data-id=\"0bad335\" data-element_type=\"container\" data-e-type=\"container\">\n\t\t\t\t\t<div class=\"e-con-inner\">\n\t\t\t\t\t<\/div>\n\t\t\t\t<\/div>\n\t\t<div class=\"elementor-element elementor-element-d1a0932 e-flex e-con-boxed e-con e-parent\" data-id=\"d1a0932\" data-element_type=\"container\" data-e-type=\"container\">\n\t\t\t\t\t<div class=\"e-con-inner\">\n\t\t<div class=\"elementor-element elementor-element-765e9ee e-con-full e-flex e-con e-child\" data-id=\"765e9ee\" data-element_type=\"container\" data-e-type=\"container\">\n\t\t\t\t<div class=\"elementor-element elementor-element-f1dad2b elementor-widget elementor-widget-image\" data-id=\"f1dad2b\" data-element_type=\"widget\" data-e-type=\"widget\" data-widget_type=\"image.default\">\n\t\t\t\t<div class=\"elementor-widget-container\">\n\t\t\t\t\t\t\t\t\t\t\t\t\t\t\t<img decoding=\"async\" src=\"https:\/\/amayatech.com.do\/wp-content\/uploads\/elementor\/thumbs\/security-system-1-2-r5gqbt33u1kwexfspkudvwd5h0v4h3kw2uow6flcaw.png\" title=\"security-system-1-2\" alt=\"security-system-1-2\" loading=\"lazy\" \/>\t\t\t\t\t\t\t\t\t\t\t\t\t\t\t<\/div>\n\t\t\t\t<\/div>\n\t\t\t\t<\/div>\n\t\t<div class=\"elementor-element elementor-element-12282d6 e-con-full e-flex e-con e-child\" data-id=\"12282d6\" data-element_type=\"container\" data-e-type=\"container\">\n\t\t\t\t<div class=\"elementor-element elementor-element-2182775 elementor-widget elementor-widget-html\" data-id=\"2182775\" data-element_type=\"widget\" data-e-type=\"widget\" data-widget_type=\"html.default\">\n\t\t\t\t<div class=\"elementor-widget-container\">\n\t\t\t\t\t<div>\n\n<p>\n    Protege tus activos con tecnolog\u00eda de vigilancia y control de \u00faltima generaci\u00f3n.\n<\/p>\n    <p>\n       En <b>Amaya Tech<\/b>, ofrecemos soluciones de seguridad electr\u00f3nica avanzadas para proteger los activos, instalaciones y personas de tu organizaci\u00f3n, garantizando un entorno seguro mediante la integraci\u00f3n de tecnolog\u00edas de \u00faltima generaci\u00f3n.\n        <br><\/p>\n    \n    <p>\n        Dentro de nuestras soluciones se encuentran las siguientes: C\u00e1maras de Seguridad (CCTV), Portones el\u00e9ctricos, Control de Acceso, Sistemas de Intercomunicaci\u00f3n y Videoporteros, Cerco El\u00e9ctrico, entre otros.\n    <\/p>\n\n<\/div>\t\t\t\t<\/div>\n\t\t\t\t<\/div>\n\t\t\t\t<\/div>\n\t\t\t\t\t<\/div>\n\t\t\t\t<\/div>\n\t\t\t\t<\/div>\n\t\t","protected":false},"excerpt":{"rendered":"<p>Protege tus activos con tecnolog\u00eda de vigilancia y control de \u00faltima generaci\u00f3n. En Amaya Tech, ofrecemos soluciones de seguridad electr\u00f3nica avanzadas para proteger los activos, instalaciones y personas de tu organizaci\u00f3n, garantizando un entorno seguro mediante la integraci\u00f3n de tecnolog\u00edas de \u00faltima generaci\u00f3n. Dentro de nuestras soluciones se encuentran las siguientes: C\u00e1maras de Seguridad (CCTV), [&hellip;]<\/p>\n","protected":false},"author":1,"featured_media":0,"parent":0,"menu_order":0,"comment_status":"closed","ping_status":"closed","template":"elementor_header_footer","meta":{"footnotes":""},"class_list":["post-312","page","type-page","status-publish","hentry"],"yoast_head":"<!-- This site is optimized with the Yoast SEO plugin v27.3 - https:\/\/yoast.com\/product\/yoast-seo-wordpress\/ -->\n<title>Seguridad Electr\u00f3nica - Amaya Tech<\/title>\n<meta name=\"robots\" content=\"index, follow, max-snippet:-1, max-image-preview:large, max-video-preview:-1\" \/>\n<link rel=\"canonical\" href=\"https:\/\/amayatech.com.do\/?page_id=312\" \/>\n<meta property=\"og:locale\" content=\"es_ES\" \/>\n<meta property=\"og:type\" content=\"article\" \/>\n<meta property=\"og:title\" content=\"Seguridad Electr\u00f3nica - Amaya Tech\" \/>\n<meta property=\"og:description\" content=\"Protege tus activos con tecnolog\u00eda de vigilancia y control de \u00faltima generaci\u00f3n. En Amaya Tech, ofrecemos soluciones de seguridad electr\u00f3nica avanzadas para proteger los activos, instalaciones y personas de tu organizaci\u00f3n, garantizando un entorno seguro mediante la integraci\u00f3n de tecnolog\u00edas de \u00faltima generaci\u00f3n. Dentro de nuestras soluciones se encuentran las siguientes: C\u00e1maras de Seguridad (CCTV), [&hellip;]\" \/>\n<meta property=\"og:url\" content=\"https:\/\/amayatech.com.do\/?page_id=312\" \/>\n<meta property=\"og:site_name\" content=\"Amaya Tech\" \/>\n<meta property=\"article:publisher\" content=\"https:\/\/www.facebook.com\/profile.php?id=61560988652388\" \/>\n<meta property=\"article:modified_time\" content=\"2025-05-07T15:16:35+00:00\" \/>\n<meta property=\"og:image\" content=\"https:\/\/amayatech.com.do\/wp-content\/uploads\/elementor\/thumbs\/security-system-1-2-r5gqbt33u1kwexfspkudvwd5h0v4h3kw2uow6flcaw.png\" \/>\n<meta name=\"twitter:card\" content=\"summary_large_image\" \/>\n<script type=\"application\/ld+json\" class=\"yoast-schema-graph\">{\"@context\":\"https:\\\/\\\/schema.org\",\"@graph\":[{\"@type\":\"WebPage\",\"@id\":\"https:\\\/\\\/amayatech.com.do\\\/?page_id=312\",\"url\":\"https:\\\/\\\/amayatech.com.do\\\/?page_id=312\",\"name\":\"Seguridad Electr\u00f3nica - Amaya Tech\",\"isPartOf\":{\"@id\":\"https:\\\/\\\/amayatech.com.do\\\/#website\"},\"primaryImageOfPage\":{\"@id\":\"https:\\\/\\\/amayatech.com.do\\\/?page_id=312#primaryimage\"},\"image\":{\"@id\":\"https:\\\/\\\/amayatech.com.do\\\/?page_id=312#primaryimage\"},\"thumbnailUrl\":\"https:\\\/\\\/amayatech.com.do\\\/wp-content\\\/uploads\\\/elementor\\\/thumbs\\\/security-system-1-2-r5gqbt33u1kwexfspkudvwd5h0v4h3kw2uow6flcaw.png\",\"datePublished\":\"2025-05-07T14:58:57+00:00\",\"dateModified\":\"2025-05-07T15:16:35+00:00\",\"breadcrumb\":{\"@id\":\"https:\\\/\\\/amayatech.com.do\\\/?page_id=312#breadcrumb\"},\"inLanguage\":\"es\",\"potentialAction\":[{\"@type\":\"ReadAction\",\"target\":[\"https:\\\/\\\/amayatech.com.do\\\/?page_id=312\"]}]},{\"@type\":\"ImageObject\",\"inLanguage\":\"es\",\"@id\":\"https:\\\/\\\/amayatech.com.do\\\/?page_id=312#primaryimage\",\"url\":\"https:\\\/\\\/amayatech.com.do\\\/wp-content\\\/uploads\\\/elementor\\\/thumbs\\\/security-system-1-2-r5gqbt33u1kwexfspkudvwd5h0v4h3kw2uow6flcaw.png\",\"contentUrl\":\"https:\\\/\\\/amayatech.com.do\\\/wp-content\\\/uploads\\\/elementor\\\/thumbs\\\/security-system-1-2-r5gqbt33u1kwexfspkudvwd5h0v4h3kw2uow6flcaw.png\"},{\"@type\":\"BreadcrumbList\",\"@id\":\"https:\\\/\\\/amayatech.com.do\\\/?page_id=312#breadcrumb\",\"itemListElement\":[{\"@type\":\"ListItem\",\"position\":1,\"name\":\"Portada\",\"item\":\"https:\\\/\\\/amayatech.com.do\\\/\"},{\"@type\":\"ListItem\",\"position\":2,\"name\":\"Seguridad Electr\u00f3nica\"}]},{\"@type\":\"WebSite\",\"@id\":\"https:\\\/\\\/amayatech.com.do\\\/#website\",\"url\":\"https:\\\/\\\/amayatech.com.do\\\/\",\"name\":\"Amaya Tech\",\"description\":\"\",\"publisher\":{\"@id\":\"https:\\\/\\\/amayatech.com.do\\\/#organization\"},\"potentialAction\":[{\"@type\":\"SearchAction\",\"target\":{\"@type\":\"EntryPoint\",\"urlTemplate\":\"https:\\\/\\\/amayatech.com.do\\\/?s={search_term_string}\"},\"query-input\":{\"@type\":\"PropertyValueSpecification\",\"valueRequired\":true,\"valueName\":\"search_term_string\"}}],\"inLanguage\":\"es\"},{\"@type\":\"Organization\",\"@id\":\"https:\\\/\\\/amayatech.com.do\\\/#organization\",\"name\":\"Amaya Tech\",\"url\":\"https:\\\/\\\/amayatech.com.do\\\/\",\"logo\":{\"@type\":\"ImageObject\",\"inLanguage\":\"es\",\"@id\":\"https:\\\/\\\/amayatech.com.do\\\/#\\\/schema\\\/logo\\\/image\\\/\",\"url\":\"https:\\\/\\\/amayatech.com.do\\\/wp-content\\\/uploads\\\/2025\\\/05\\\/cropped-LOGO-AMAYA-TECH-COMPLETO-1-scaled-1.png\",\"contentUrl\":\"https:\\\/\\\/amayatech.com.do\\\/wp-content\\\/uploads\\\/2025\\\/05\\\/cropped-LOGO-AMAYA-TECH-COMPLETO-1-scaled-1.png\",\"width\":2360,\"height\":488,\"caption\":\"Amaya Tech\"},\"image\":{\"@id\":\"https:\\\/\\\/amayatech.com.do\\\/#\\\/schema\\\/logo\\\/image\\\/\"},\"sameAs\":[\"https:\\\/\\\/www.facebook.com\\\/profile.php?id=61560988652388\",\"https:\\\/\\\/www.instagram.com\\\/amayatechrd\\\/\",\"http:\\\/\\\/linkedin.com\\\/in\\\/amaya-tech-b67991309\"]}]}<\/script>\n<!-- \/ Yoast SEO plugin. -->","yoast_head_json":{"title":"Seguridad Electr\u00f3nica - Amaya Tech","robots":{"index":"index","follow":"follow","max-snippet":"max-snippet:-1","max-image-preview":"max-image-preview:large","max-video-preview":"max-video-preview:-1"},"canonical":"https:\/\/amayatech.com.do\/?page_id=312","og_locale":"es_ES","og_type":"article","og_title":"Seguridad Electr\u00f3nica - Amaya Tech","og_description":"Protege tus activos con tecnolog\u00eda de vigilancia y control de \u00faltima generaci\u00f3n. En Amaya Tech, ofrecemos soluciones de seguridad electr\u00f3nica avanzadas para proteger los activos, instalaciones y personas de tu organizaci\u00f3n, garantizando un entorno seguro mediante la integraci\u00f3n de tecnolog\u00edas de \u00faltima generaci\u00f3n. Dentro de nuestras soluciones se encuentran las siguientes: C\u00e1maras de Seguridad (CCTV), [&hellip;]","og_url":"https:\/\/amayatech.com.do\/?page_id=312","og_site_name":"Amaya Tech","article_publisher":"https:\/\/www.facebook.com\/profile.php?id=61560988652388","article_modified_time":"2025-05-07T15:16:35+00:00","og_image":[{"url":"https:\/\/amayatech.com.do\/wp-content\/uploads\/elementor\/thumbs\/security-system-1-2-r5gqbt33u1kwexfspkudvwd5h0v4h3kw2uow6flcaw.png","type":"","width":"","height":""}],"twitter_card":"summary_large_image","schema":{"@context":"https:\/\/schema.org","@graph":[{"@type":"WebPage","@id":"https:\/\/amayatech.com.do\/?page_id=312","url":"https:\/\/amayatech.com.do\/?page_id=312","name":"Seguridad Electr\u00f3nica - Amaya Tech","isPartOf":{"@id":"https:\/\/amayatech.com.do\/#website"},"primaryImageOfPage":{"@id":"https:\/\/amayatech.com.do\/?page_id=312#primaryimage"},"image":{"@id":"https:\/\/amayatech.com.do\/?page_id=312#primaryimage"},"thumbnailUrl":"https:\/\/amayatech.com.do\/wp-content\/uploads\/elementor\/thumbs\/security-system-1-2-r5gqbt33u1kwexfspkudvwd5h0v4h3kw2uow6flcaw.png","datePublished":"2025-05-07T14:58:57+00:00","dateModified":"2025-05-07T15:16:35+00:00","breadcrumb":{"@id":"https:\/\/amayatech.com.do\/?page_id=312#breadcrumb"},"inLanguage":"es","potentialAction":[{"@type":"ReadAction","target":["https:\/\/amayatech.com.do\/?page_id=312"]}]},{"@type":"ImageObject","inLanguage":"es","@id":"https:\/\/amayatech.com.do\/?page_id=312#primaryimage","url":"https:\/\/amayatech.com.do\/wp-content\/uploads\/elementor\/thumbs\/security-system-1-2-r5gqbt33u1kwexfspkudvwd5h0v4h3kw2uow6flcaw.png","contentUrl":"https:\/\/amayatech.com.do\/wp-content\/uploads\/elementor\/thumbs\/security-system-1-2-r5gqbt33u1kwexfspkudvwd5h0v4h3kw2uow6flcaw.png"},{"@type":"BreadcrumbList","@id":"https:\/\/amayatech.com.do\/?page_id=312#breadcrumb","itemListElement":[{"@type":"ListItem","position":1,"name":"Portada","item":"https:\/\/amayatech.com.do\/"},{"@type":"ListItem","position":2,"name":"Seguridad Electr\u00f3nica"}]},{"@type":"WebSite","@id":"https:\/\/amayatech.com.do\/#website","url":"https:\/\/amayatech.com.do\/","name":"Amaya Tech","description":"","publisher":{"@id":"https:\/\/amayatech.com.do\/#organization"},"potentialAction":[{"@type":"SearchAction","target":{"@type":"EntryPoint","urlTemplate":"https:\/\/amayatech.com.do\/?s={search_term_string}"},"query-input":{"@type":"PropertyValueSpecification","valueRequired":true,"valueName":"search_term_string"}}],"inLanguage":"es"},{"@type":"Organization","@id":"https:\/\/amayatech.com.do\/#organization","name":"Amaya Tech","url":"https:\/\/amayatech.com.do\/","logo":{"@type":"ImageObject","inLanguage":"es","@id":"https:\/\/amayatech.com.do\/#\/schema\/logo\/image\/","url":"https:\/\/amayatech.com.do\/wp-content\/uploads\/2025\/05\/cropped-LOGO-AMAYA-TECH-COMPLETO-1-scaled-1.png","contentUrl":"https:\/\/amayatech.com.do\/wp-content\/uploads\/2025\/05\/cropped-LOGO-AMAYA-TECH-COMPLETO-1-scaled-1.png","width":2360,"height":488,"caption":"Amaya Tech"},"image":{"@id":"https:\/\/amayatech.com.do\/#\/schema\/logo\/image\/"},"sameAs":["https:\/\/www.facebook.com\/profile.php?id=61560988652388","https:\/\/www.instagram.com\/amayatechrd\/","http:\/\/linkedin.com\/in\/amaya-tech-b67991309"]}]}},"_links":{"self":[{"href":"https:\/\/amayatech.com.do\/index.php?rest_route=\/wp\/v2\/pages\/312","targetHints":{"allow":["GET"]}}],"collection":[{"href":"https:\/\/amayatech.com.do\/index.php?rest_route=\/wp\/v2\/pages"}],"about":[{"href":"https:\/\/amayatech.com.do\/index.php?rest_route=\/wp\/v2\/types\/page"}],"author":[{"embeddable":true,"href":"https:\/\/amayatech.com.do\/index.php?rest_route=\/wp\/v2\/users\/1"}],"replies":[{"embeddable":true,"href":"https:\/\/amayatech.com.do\/index.php?rest_route=%2Fwp%2Fv2%2Fcomments&post=312"}],"version-history":[{"count":11,"href":"https:\/\/amayatech.com.do\/index.php?rest_route=\/wp\/v2\/pages\/312\/revisions"}],"predecessor-version":[{"id":328,"href":"https:\/\/amayatech.com.do\/index.php?rest_route=\/wp\/v2\/pages\/312\/revisions\/328"}],"wp:attachment":[{"href":"https:\/\/amayatech.com.do\/index.php?rest_route=%2Fwp%2Fv2%2Fmedia&parent=312"}],"curies":[{"name":"wp","href":"https:\/\/api.w.org\/{rel}","templated":true}]}}