{"id":442,"date":"2025-05-07T19:56:38","date_gmt":"2025-05-07T17:56:38","guid":{"rendered":"https:\/\/amayatech.com.do\/?page_id=442"},"modified":"2025-05-07T20:02:26","modified_gmt":"2025-05-07T18:02:26","slug":"asesoria-corporativa","status":"publish","type":"page","link":"https:\/\/amayatech.com.do\/?page_id=442","title":{"rendered":"Asesoria Corporativa"},"content":{"rendered":"\t\t<div data-elementor-type=\"wp-page\" data-elementor-id=\"442\" class=\"elementor elementor-442\">\n\t\t\t\t<div class=\"elementor-element elementor-element-0bad335 e-flex e-con-boxed e-con e-parent\" data-id=\"0bad335\" data-element_type=\"container\" data-e-type=\"container\">\n\t\t\t\t\t<div class=\"e-con-inner\">\n\t\t\t\t\t<\/div>\n\t\t\t\t<\/div>\n\t\t<div class=\"elementor-element elementor-element-d1a0932 e-flex e-con-boxed e-con e-parent\" data-id=\"d1a0932\" data-element_type=\"container\" data-e-type=\"container\">\n\t\t\t\t\t<div class=\"e-con-inner\">\n\t\t<div class=\"elementor-element elementor-element-765e9ee e-con-full e-flex e-con e-child\" data-id=\"765e9ee\" data-element_type=\"container\" data-e-type=\"container\">\n\t\t\t\t<div class=\"elementor-element elementor-element-f1dad2b elementor-widget elementor-widget-image\" data-id=\"f1dad2b\" data-element_type=\"widget\" data-e-type=\"widget\" data-widget_type=\"image.default\">\n\t\t\t\t<div class=\"elementor-widget-container\">\n\t\t\t\t\t\t\t\t\t\t\t\t\t\t\t<img fetchpriority=\"high\" decoding=\"async\" width=\"1024\" height=\"655\" src=\"https:\/\/amayatech.com.do\/wp-content\/uploads\/2025\/05\/2149241233-1024x655.jpg\" class=\"attachment-large size-large wp-image-445\" alt=\"\" srcset=\"https:\/\/amayatech.com.do\/wp-content\/uploads\/2025\/05\/2149241233-1024x655.jpg 1024w, https:\/\/amayatech.com.do\/wp-content\/uploads\/2025\/05\/2149241233-300x192.jpg 300w, https:\/\/amayatech.com.do\/wp-content\/uploads\/2025\/05\/2149241233-768x491.jpg 768w, https:\/\/amayatech.com.do\/wp-content\/uploads\/2025\/05\/2149241233.jpg 1500w\" sizes=\"(max-width: 1024px) 100vw, 1024px\" \/>\t\t\t\t\t\t\t\t\t\t\t\t\t\t\t<\/div>\n\t\t\t\t<\/div>\n\t\t\t\t<\/div>\n\t\t<div class=\"elementor-element elementor-element-12282d6 e-con-full e-flex e-con e-child\" data-id=\"12282d6\" data-element_type=\"container\" data-e-type=\"container\">\n\t\t\t\t<div class=\"elementor-element elementor-element-2182775 elementor-widget elementor-widget-html\" data-id=\"2182775\" data-element_type=\"widget\" data-e-type=\"widget\" data-widget_type=\"html.default\">\n\t\t\t\t<div class=\"elementor-widget-container\">\n\t\t\t\t\t<div>\n\n    <p>\n     Decisiones tecnol\u00f3gicas inteligentes para empresas que quieren crecer.\n<br><br>\nOfrecemos un servicio integral de asesor\u00eda corporativa en tecnolog\u00edas de la informaci\u00f3n, orientado a fortalecer la estrategia digital de tu empresa, optimizar procesos y alinear la tecnolog\u00eda con tus objetivos de negocio.\n<\/p>\n<p><b>\u00bfQu\u00e9 hacemos?<\/b>.<\/p>\n<p>\n    <ul>\n      <li>Diagn\u00f3stico tecnol\u00f3gico y an\u00e1lisis organizacional.<\/li>\n<li>Definici\u00f3n de estrategias IT alineadas al crecimiento del negocio.<\/li>\n<li>Evaluaci\u00f3n y selecci\u00f3n de software, infraestructura y servicios.<\/li>\n<li>An\u00e1lisis de costos, retorno de inversi\u00f3n (ROI) y eficiencia operativa.<\/li>\n<li>Gesti\u00f3n del cambio organizacional y adopci\u00f3n tecnol\u00f3gica.<\/li>\n<li>Acompa\u00f1amiento en licitaciones, auditor\u00edas o procesos regulatorios.<\/li>\n<li>Soporte en fusiones, expansiones o transformaci\u00f3n digital.<\/li>\n<\/ul>\n<\/p>\n<p>Nuestros asesores combinan visi\u00f3n empresarial y experiencia t\u00e9cnica para ayudarte a tomar decisiones informadas, sostenibles y rentables.<\/p>\n<\/div>\t\t\t\t<\/div>\n\t\t\t\t<\/div>\n\t\t\t\t<\/div>\n\t\t\t\t\t<\/div>\n\t\t\t\t<\/div>\n\t\t\t\t<\/div>\n\t\t","protected":false},"excerpt":{"rendered":"<p>Decisiones tecnol\u00f3gicas inteligentes para empresas que quieren crecer. Ofrecemos un servicio integral de asesor\u00eda corporativa en tecnolog\u00edas de la informaci\u00f3n, orientado a fortalecer la estrategia digital de tu empresa, optimizar procesos y alinear la tecnolog\u00eda con tus objetivos de negocio. \u00bfQu\u00e9 hacemos?. Diagn\u00f3stico tecnol\u00f3gico y an\u00e1lisis organizacional. Definici\u00f3n de estrategias IT alineadas al crecimiento del [&hellip;]<\/p>\n","protected":false},"author":1,"featured_media":0,"parent":0,"menu_order":0,"comment_status":"closed","ping_status":"closed","template":"elementor_header_footer","meta":{"footnotes":""},"class_list":["post-442","page","type-page","status-publish","hentry"],"yoast_head":"<!-- This site is optimized with the Yoast SEO plugin v27.3 - https:\/\/yoast.com\/product\/yoast-seo-wordpress\/ -->\n<title>Asesoria Corporativa - Amaya Tech<\/title>\n<meta name=\"robots\" content=\"index, follow, max-snippet:-1, max-image-preview:large, max-video-preview:-1\" \/>\n<link rel=\"canonical\" href=\"https:\/\/amayatech.com.do\/?page_id=442\" \/>\n<meta property=\"og:locale\" content=\"es_ES\" \/>\n<meta property=\"og:type\" content=\"article\" \/>\n<meta property=\"og:title\" content=\"Asesoria Corporativa - Amaya Tech\" \/>\n<meta property=\"og:description\" content=\"Decisiones tecnol\u00f3gicas inteligentes para empresas que quieren crecer. Ofrecemos un servicio integral de asesor\u00eda corporativa en tecnolog\u00edas de la informaci\u00f3n, orientado a fortalecer la estrategia digital de tu empresa, optimizar procesos y alinear la tecnolog\u00eda con tus objetivos de negocio. \u00bfQu\u00e9 hacemos?. Diagn\u00f3stico tecnol\u00f3gico y an\u00e1lisis organizacional. Definici\u00f3n de estrategias IT alineadas al crecimiento del [&hellip;]\" \/>\n<meta property=\"og:url\" content=\"https:\/\/amayatech.com.do\/?page_id=442\" \/>\n<meta property=\"og:site_name\" content=\"Amaya Tech\" \/>\n<meta property=\"article:publisher\" content=\"https:\/\/www.facebook.com\/profile.php?id=61560988652388\" \/>\n<meta property=\"article:modified_time\" content=\"2025-05-07T18:02:26+00:00\" \/>\n<meta property=\"og:image\" content=\"https:\/\/amayatech.com.do\/wp-content\/uploads\/2025\/05\/2149241233-1024x655.jpg\" \/>\n<meta name=\"twitter:card\" content=\"summary_large_image\" \/>\n<meta name=\"twitter:label1\" content=\"Tiempo de lectura\" \/>\n\t<meta name=\"twitter:data1\" content=\"1 minuto\" \/>\n<script type=\"application\/ld+json\" class=\"yoast-schema-graph\">{\"@context\":\"https:\\\/\\\/schema.org\",\"@graph\":[{\"@type\":\"WebPage\",\"@id\":\"https:\\\/\\\/amayatech.com.do\\\/?page_id=442\",\"url\":\"https:\\\/\\\/amayatech.com.do\\\/?page_id=442\",\"name\":\"Asesoria Corporativa - Amaya Tech\",\"isPartOf\":{\"@id\":\"https:\\\/\\\/amayatech.com.do\\\/#website\"},\"primaryImageOfPage\":{\"@id\":\"https:\\\/\\\/amayatech.com.do\\\/?page_id=442#primaryimage\"},\"image\":{\"@id\":\"https:\\\/\\\/amayatech.com.do\\\/?page_id=442#primaryimage\"},\"thumbnailUrl\":\"https:\\\/\\\/amayatech.com.do\\\/wp-content\\\/uploads\\\/2025\\\/05\\\/2149241233-1024x655.jpg\",\"datePublished\":\"2025-05-07T17:56:38+00:00\",\"dateModified\":\"2025-05-07T18:02:26+00:00\",\"breadcrumb\":{\"@id\":\"https:\\\/\\\/amayatech.com.do\\\/?page_id=442#breadcrumb\"},\"inLanguage\":\"es\",\"potentialAction\":[{\"@type\":\"ReadAction\",\"target\":[\"https:\\\/\\\/amayatech.com.do\\\/?page_id=442\"]}]},{\"@type\":\"ImageObject\",\"inLanguage\":\"es\",\"@id\":\"https:\\\/\\\/amayatech.com.do\\\/?page_id=442#primaryimage\",\"url\":\"https:\\\/\\\/amayatech.com.do\\\/wp-content\\\/uploads\\\/2025\\\/05\\\/2149241233.jpg\",\"contentUrl\":\"https:\\\/\\\/amayatech.com.do\\\/wp-content\\\/uploads\\\/2025\\\/05\\\/2149241233.jpg\",\"width\":1500,\"height\":959},{\"@type\":\"BreadcrumbList\",\"@id\":\"https:\\\/\\\/amayatech.com.do\\\/?page_id=442#breadcrumb\",\"itemListElement\":[{\"@type\":\"ListItem\",\"position\":1,\"name\":\"Portada\",\"item\":\"https:\\\/\\\/amayatech.com.do\\\/\"},{\"@type\":\"ListItem\",\"position\":2,\"name\":\"Asesoria Corporativa\"}]},{\"@type\":\"WebSite\",\"@id\":\"https:\\\/\\\/amayatech.com.do\\\/#website\",\"url\":\"https:\\\/\\\/amayatech.com.do\\\/\",\"name\":\"Amaya Tech\",\"description\":\"\",\"publisher\":{\"@id\":\"https:\\\/\\\/amayatech.com.do\\\/#organization\"},\"potentialAction\":[{\"@type\":\"SearchAction\",\"target\":{\"@type\":\"EntryPoint\",\"urlTemplate\":\"https:\\\/\\\/amayatech.com.do\\\/?s={search_term_string}\"},\"query-input\":{\"@type\":\"PropertyValueSpecification\",\"valueRequired\":true,\"valueName\":\"search_term_string\"}}],\"inLanguage\":\"es\"},{\"@type\":\"Organization\",\"@id\":\"https:\\\/\\\/amayatech.com.do\\\/#organization\",\"name\":\"Amaya Tech\",\"url\":\"https:\\\/\\\/amayatech.com.do\\\/\",\"logo\":{\"@type\":\"ImageObject\",\"inLanguage\":\"es\",\"@id\":\"https:\\\/\\\/amayatech.com.do\\\/#\\\/schema\\\/logo\\\/image\\\/\",\"url\":\"https:\\\/\\\/amayatech.com.do\\\/wp-content\\\/uploads\\\/2025\\\/05\\\/cropped-LOGO-AMAYA-TECH-COMPLETO-1-scaled-1.png\",\"contentUrl\":\"https:\\\/\\\/amayatech.com.do\\\/wp-content\\\/uploads\\\/2025\\\/05\\\/cropped-LOGO-AMAYA-TECH-COMPLETO-1-scaled-1.png\",\"width\":2360,\"height\":488,\"caption\":\"Amaya Tech\"},\"image\":{\"@id\":\"https:\\\/\\\/amayatech.com.do\\\/#\\\/schema\\\/logo\\\/image\\\/\"},\"sameAs\":[\"https:\\\/\\\/www.facebook.com\\\/profile.php?id=61560988652388\",\"https:\\\/\\\/www.instagram.com\\\/amayatechrd\\\/\",\"http:\\\/\\\/linkedin.com\\\/in\\\/amaya-tech-b67991309\"]}]}<\/script>\n<!-- \/ Yoast SEO plugin. -->","yoast_head_json":{"title":"Asesoria Corporativa - Amaya Tech","robots":{"index":"index","follow":"follow","max-snippet":"max-snippet:-1","max-image-preview":"max-image-preview:large","max-video-preview":"max-video-preview:-1"},"canonical":"https:\/\/amayatech.com.do\/?page_id=442","og_locale":"es_ES","og_type":"article","og_title":"Asesoria Corporativa - Amaya Tech","og_description":"Decisiones tecnol\u00f3gicas inteligentes para empresas que quieren crecer. Ofrecemos un servicio integral de asesor\u00eda corporativa en tecnolog\u00edas de la informaci\u00f3n, orientado a fortalecer la estrategia digital de tu empresa, optimizar procesos y alinear la tecnolog\u00eda con tus objetivos de negocio. \u00bfQu\u00e9 hacemos?. Diagn\u00f3stico tecnol\u00f3gico y an\u00e1lisis organizacional. Definici\u00f3n de estrategias IT alineadas al crecimiento del [&hellip;]","og_url":"https:\/\/amayatech.com.do\/?page_id=442","og_site_name":"Amaya Tech","article_publisher":"https:\/\/www.facebook.com\/profile.php?id=61560988652388","article_modified_time":"2025-05-07T18:02:26+00:00","og_image":[{"url":"https:\/\/amayatech.com.do\/wp-content\/uploads\/2025\/05\/2149241233-1024x655.jpg","type":"","width":"","height":""}],"twitter_card":"summary_large_image","twitter_misc":{"Tiempo de lectura":"1 minuto"},"schema":{"@context":"https:\/\/schema.org","@graph":[{"@type":"WebPage","@id":"https:\/\/amayatech.com.do\/?page_id=442","url":"https:\/\/amayatech.com.do\/?page_id=442","name":"Asesoria Corporativa - Amaya Tech","isPartOf":{"@id":"https:\/\/amayatech.com.do\/#website"},"primaryImageOfPage":{"@id":"https:\/\/amayatech.com.do\/?page_id=442#primaryimage"},"image":{"@id":"https:\/\/amayatech.com.do\/?page_id=442#primaryimage"},"thumbnailUrl":"https:\/\/amayatech.com.do\/wp-content\/uploads\/2025\/05\/2149241233-1024x655.jpg","datePublished":"2025-05-07T17:56:38+00:00","dateModified":"2025-05-07T18:02:26+00:00","breadcrumb":{"@id":"https:\/\/amayatech.com.do\/?page_id=442#breadcrumb"},"inLanguage":"es","potentialAction":[{"@type":"ReadAction","target":["https:\/\/amayatech.com.do\/?page_id=442"]}]},{"@type":"ImageObject","inLanguage":"es","@id":"https:\/\/amayatech.com.do\/?page_id=442#primaryimage","url":"https:\/\/amayatech.com.do\/wp-content\/uploads\/2025\/05\/2149241233.jpg","contentUrl":"https:\/\/amayatech.com.do\/wp-content\/uploads\/2025\/05\/2149241233.jpg","width":1500,"height":959},{"@type":"BreadcrumbList","@id":"https:\/\/amayatech.com.do\/?page_id=442#breadcrumb","itemListElement":[{"@type":"ListItem","position":1,"name":"Portada","item":"https:\/\/amayatech.com.do\/"},{"@type":"ListItem","position":2,"name":"Asesoria Corporativa"}]},{"@type":"WebSite","@id":"https:\/\/amayatech.com.do\/#website","url":"https:\/\/amayatech.com.do\/","name":"Amaya Tech","description":"","publisher":{"@id":"https:\/\/amayatech.com.do\/#organization"},"potentialAction":[{"@type":"SearchAction","target":{"@type":"EntryPoint","urlTemplate":"https:\/\/amayatech.com.do\/?s={search_term_string}"},"query-input":{"@type":"PropertyValueSpecification","valueRequired":true,"valueName":"search_term_string"}}],"inLanguage":"es"},{"@type":"Organization","@id":"https:\/\/amayatech.com.do\/#organization","name":"Amaya Tech","url":"https:\/\/amayatech.com.do\/","logo":{"@type":"ImageObject","inLanguage":"es","@id":"https:\/\/amayatech.com.do\/#\/schema\/logo\/image\/","url":"https:\/\/amayatech.com.do\/wp-content\/uploads\/2025\/05\/cropped-LOGO-AMAYA-TECH-COMPLETO-1-scaled-1.png","contentUrl":"https:\/\/amayatech.com.do\/wp-content\/uploads\/2025\/05\/cropped-LOGO-AMAYA-TECH-COMPLETO-1-scaled-1.png","width":2360,"height":488,"caption":"Amaya Tech"},"image":{"@id":"https:\/\/amayatech.com.do\/#\/schema\/logo\/image\/"},"sameAs":["https:\/\/www.facebook.com\/profile.php?id=61560988652388","https:\/\/www.instagram.com\/amayatechrd\/","http:\/\/linkedin.com\/in\/amaya-tech-b67991309"]}]}},"_links":{"self":[{"href":"https:\/\/amayatech.com.do\/index.php?rest_route=\/wp\/v2\/pages\/442","targetHints":{"allow":["GET"]}}],"collection":[{"href":"https:\/\/amayatech.com.do\/index.php?rest_route=\/wp\/v2\/pages"}],"about":[{"href":"https:\/\/amayatech.com.do\/index.php?rest_route=\/wp\/v2\/types\/page"}],"author":[{"embeddable":true,"href":"https:\/\/amayatech.com.do\/index.php?rest_route=\/wp\/v2\/users\/1"}],"replies":[{"embeddable":true,"href":"https:\/\/amayatech.com.do\/index.php?rest_route=%2Fwp%2Fv2%2Fcomments&post=442"}],"version-history":[{"count":4,"href":"https:\/\/amayatech.com.do\/index.php?rest_route=\/wp\/v2\/pages\/442\/revisions"}],"predecessor-version":[{"id":449,"href":"https:\/\/amayatech.com.do\/index.php?rest_route=\/wp\/v2\/pages\/442\/revisions\/449"}],"wp:attachment":[{"href":"https:\/\/amayatech.com.do\/index.php?rest_route=%2Fwp%2Fv2%2Fmedia&parent=442"}],"curies":[{"name":"wp","href":"https:\/\/api.w.org\/{rel}","templated":true}]}}