{"id":57,"date":"2025-05-06T21:40:55","date_gmt":"2025-05-06T19:40:55","guid":{"rendered":"https:\/\/amayatech.com.do\/?page_id=57"},"modified":"2025-05-06T23:47:24","modified_gmt":"2025-05-06T21:47:24","slug":"nosotros","status":"publish","type":"page","link":"https:\/\/amayatech.com.do\/?page_id=57","title":{"rendered":"Nosotros"},"content":{"rendered":"\t\t<div data-elementor-type=\"wp-page\" data-elementor-id=\"57\" class=\"elementor elementor-57\">\n\t\t\t\t<div class=\"elementor-element elementor-element-0bad335 e-flex e-con-boxed e-con e-parent\" data-id=\"0bad335\" data-element_type=\"container\" data-e-type=\"container\">\n\t\t\t\t\t<div class=\"e-con-inner\">\n\t\t\t\t<div class=\"elementor-element elementor-element-2182775 elementor-widget elementor-widget-html\" data-id=\"2182775\" data-element_type=\"widget\" data-e-type=\"widget\" data-widget_type=\"html.default\">\n\t\t\t\t<div class=\"elementor-widget-container\">\n\t\t\t\t\t<div>\n    <br>\n    <p>\n        Somos un equipo de consultores multidisciplinarios con m\u00e1s de 10 a\u00f1os de experiencia en el mercado, comprometidos con la entrega de soluciones tecnol\u00f3gicas integrales, efectivas y orientadas a resultados.<\/p>\n<p>En Amaya tech, comprendemos que cada organizaci\u00f3n es \u00fanica. Por eso, nos especializamos en ofrecer servicios personalizados que se adaptan a las necesidades espec\u00edficas de cada negocio.<\/p>\n<p>Desde la planificaci\u00f3n hasta la ejecuci\u00f3n, gestionamos de manera integral todos los aspectos de sus sistemas tecnol\u00f3gicos, asegurando eficiencia, escalabilidad y continuidad operativa.\n\n    <\/p>\n<\/div>\t\t\t\t<\/div>\n\t\t\t\t<\/div>\n\t\t\t\t\t<\/div>\n\t\t\t\t<\/div>\n\t\t<div class=\"elementor-element elementor-element-d2270b1 e-grid e-con-boxed e-con e-parent\" data-id=\"d2270b1\" data-element_type=\"container\" data-e-type=\"container\">\n\t\t\t\t\t<div class=\"e-con-inner\">\n\t\t<div class=\"elementor-element elementor-element-dd15805 e-con-full e-flex e-con e-child\" data-id=\"dd15805\" data-element_type=\"container\" data-e-type=\"container\" data-settings=\"{&quot;background_background&quot;:&quot;classic&quot;}\">\n\t\t\t\t<div class=\"elementor-element elementor-element-91181d6 elementor-widget elementor-widget-html\" data-id=\"91181d6\" data-element_type=\"widget\" data-e-type=\"widget\" data-widget_type=\"html.default\">\n\t\t\t\t<div class=\"elementor-widget-container\">\n\t\t\t\t\t<div>\n    <img decoding=\"async\" src=\"https:\/\/amayatech.com.do\/wp-content\/uploads\/2025\/05\/mision.png\" style='display: block;\n  margin: auto; width:130px; height:130px;\n  '><br>\n    <h4 style='text-align:center; color:#fff'>Misi\u00f3n<\/h4>\n    <br>\n    <p style='text-align:justify; color:#fff'>\n        Ofrecer soluciones tecnol\u00f3gicas innovadoras y de vanguardia que agreguen valor a nuestros clientes, optimizando sus procesos, y garantizando su crecimiento sostenible en un entorno empresarial en constante cambio.\n    <\/p>\n\n<\/div>\t\t\t\t<\/div>\n\t\t\t\t<\/div>\n\t\t\t\t<\/div>\n\t\t<div class=\"elementor-element elementor-element-cd4c3a4 e-con-full e-flex e-con e-child\" data-id=\"cd4c3a4\" data-element_type=\"container\" data-e-type=\"container\" data-settings=\"{&quot;background_background&quot;:&quot;classic&quot;}\">\n\t\t\t\t<div class=\"elementor-element elementor-element-ecdea8a elementor-widget elementor-widget-html\" data-id=\"ecdea8a\" data-element_type=\"widget\" data-e-type=\"widget\" data-widget_type=\"html.default\">\n\t\t\t\t<div class=\"elementor-widget-container\">\n\t\t\t\t\t<div>\n    <img decoding=\"async\" src=\"https:\/\/amayatech.com.do\/wp-content\/uploads\/2025\/05\/vision.png\" style='display: block;\n  margin: auto;width:130px; height:130px;\n  '><br>\n    <h4 style='text-align:center; color:#004F87'>Visi\u00f3n<\/h4>\n    <br>\n    <p style='text-align:justify; color:#000'>\n        Ser un referente nacional en el sector tecnol\u00f3gico, reconocido por la calidad excepcional de nuestros productos y servicios. \n    <\/p>\n\n<\/div>\t\t\t\t<\/div>\n\t\t\t\t<\/div>\n\t\t\t\t<\/div>\n\t\t<div class=\"elementor-element elementor-element-09cef26 e-con-full e-flex e-con e-child\" data-id=\"09cef26\" data-element_type=\"container\" data-e-type=\"container\" data-settings=\"{&quot;background_background&quot;:&quot;classic&quot;}\">\n\t\t\t\t<div class=\"elementor-element elementor-element-6f1ebce elementor-widget elementor-widget-html\" data-id=\"6f1ebce\" data-element_type=\"widget\" data-e-type=\"widget\" data-widget_type=\"html.default\">\n\t\t\t\t<div class=\"elementor-widget-container\">\n\t\t\t\t\t<div>\n    <img decoding=\"async\" src=\"https:\/\/amayatech.com.do\/wp-content\/uploads\/2025\/05\/valores.png\" style='display: block;\n  margin: auto;width:130px; height:130px;\n  '><br>\n    <h4 style='text-align:center; color:#fff'>Valores<\/h4>\n    <br>\n    <p>\n        <ul style='color:#fff'>\n            <li>Innovaci\u00f3n<\/li>\n            <li>Calidad<\/li>\n            <li>Orientaci\u00f3n al Cliente<\/li>\n            <li>Transparencia y \u00c9tica<\/li>\n            <li>Adaptabilidad<\/li>\n            <li>Compromiso<\/li>\n        <\/ul>\n    <\/p>\n\n<\/div>\t\t\t\t<\/div>\n\t\t\t\t<\/div>\n\t\t\t\t<\/div>\n\t\t\t\t\t<\/div>\n\t\t\t\t<\/div>\n\t\t<div class=\"elementor-element elementor-element-9b17a6f e-flex e-con-boxed e-con e-parent\" data-id=\"9b17a6f\" data-element_type=\"container\" data-e-type=\"container\">\n\t\t\t\t\t<div class=\"e-con-inner\">\n\t\t\t\t\t<\/div>\n\t\t\t\t<\/div>\n\t\t\t\t<\/div>\n\t\t","protected":false},"excerpt":{"rendered":"<p>Somos un equipo de consultores multidisciplinarios con m\u00e1s de 10 a\u00f1os de experiencia en el mercado, comprometidos con la entrega de soluciones tecnol\u00f3gicas integrales, efectivas y orientadas a resultados. En Amaya tech, comprendemos que cada organizaci\u00f3n es \u00fanica. Por eso, nos especializamos en ofrecer servicios personalizados que se adaptan a las necesidades espec\u00edficas de cada [&hellip;]<\/p>\n","protected":false},"author":1,"featured_media":0,"parent":0,"menu_order":0,"comment_status":"closed","ping_status":"closed","template":"elementor_header_footer","meta":{"footnotes":""},"class_list":["post-57","page","type-page","status-publish","hentry"],"yoast_head":"<!-- This site is optimized with the Yoast SEO plugin v27.3 - https:\/\/yoast.com\/product\/yoast-seo-wordpress\/ -->\n<title>Nosotros - Amaya Tech<\/title>\n<meta name=\"robots\" content=\"index, follow, max-snippet:-1, max-image-preview:large, max-video-preview:-1\" \/>\n<link rel=\"canonical\" href=\"https:\/\/amayatech.com.do\/?page_id=57\" \/>\n<meta property=\"og:locale\" content=\"es_ES\" \/>\n<meta property=\"og:type\" content=\"article\" \/>\n<meta property=\"og:title\" content=\"Nosotros - Amaya Tech\" \/>\n<meta property=\"og:description\" content=\"Somos un equipo de consultores multidisciplinarios con m\u00e1s de 10 a\u00f1os de experiencia en el mercado, comprometidos con la entrega de soluciones tecnol\u00f3gicas integrales, efectivas y orientadas a resultados. En Amaya tech, comprendemos que cada organizaci\u00f3n es \u00fanica. Por eso, nos especializamos en ofrecer servicios personalizados que se adaptan a las necesidades espec\u00edficas de cada [&hellip;]\" \/>\n<meta property=\"og:url\" content=\"https:\/\/amayatech.com.do\/?page_id=57\" \/>\n<meta property=\"og:site_name\" content=\"Amaya Tech\" \/>\n<meta property=\"article:publisher\" content=\"https:\/\/www.facebook.com\/profile.php?id=61560988652388\" \/>\n<meta property=\"article:modified_time\" content=\"2025-05-06T21:47:24+00:00\" \/>\n<meta property=\"og:image\" content=\"https:\/\/amayatech.com.do\/wp-content\/uploads\/2025\/05\/mision.png\" \/>\n<meta name=\"twitter:card\" content=\"summary_large_image\" \/>\n<meta name=\"twitter:label1\" content=\"Tiempo de lectura\" \/>\n\t<meta name=\"twitter:data1\" content=\"1 minuto\" \/>\n<script type=\"application\/ld+json\" class=\"yoast-schema-graph\">{\"@context\":\"https:\\\/\\\/schema.org\",\"@graph\":[{\"@type\":\"WebPage\",\"@id\":\"https:\\\/\\\/amayatech.com.do\\\/?page_id=57\",\"url\":\"https:\\\/\\\/amayatech.com.do\\\/?page_id=57\",\"name\":\"Nosotros - Amaya Tech\",\"isPartOf\":{\"@id\":\"https:\\\/\\\/amayatech.com.do\\\/#website\"},\"primaryImageOfPage\":{\"@id\":\"https:\\\/\\\/amayatech.com.do\\\/?page_id=57#primaryimage\"},\"image\":{\"@id\":\"https:\\\/\\\/amayatech.com.do\\\/?page_id=57#primaryimage\"},\"thumbnailUrl\":\"https:\\\/\\\/amayatech.com.do\\\/wp-content\\\/uploads\\\/2025\\\/05\\\/mision.png\",\"datePublished\":\"2025-05-06T19:40:55+00:00\",\"dateModified\":\"2025-05-06T21:47:24+00:00\",\"breadcrumb\":{\"@id\":\"https:\\\/\\\/amayatech.com.do\\\/?page_id=57#breadcrumb\"},\"inLanguage\":\"es\",\"potentialAction\":[{\"@type\":\"ReadAction\",\"target\":[\"https:\\\/\\\/amayatech.com.do\\\/?page_id=57\"]}]},{\"@type\":\"ImageObject\",\"inLanguage\":\"es\",\"@id\":\"https:\\\/\\\/amayatech.com.do\\\/?page_id=57#primaryimage\",\"url\":\"https:\\\/\\\/amayatech.com.do\\\/wp-content\\\/uploads\\\/2025\\\/05\\\/mision.png\",\"contentUrl\":\"https:\\\/\\\/amayatech.com.do\\\/wp-content\\\/uploads\\\/2025\\\/05\\\/mision.png\",\"width\":66,\"height\":62},{\"@type\":\"BreadcrumbList\",\"@id\":\"https:\\\/\\\/amayatech.com.do\\\/?page_id=57#breadcrumb\",\"itemListElement\":[{\"@type\":\"ListItem\",\"position\":1,\"name\":\"Portada\",\"item\":\"https:\\\/\\\/amayatech.com.do\\\/\"},{\"@type\":\"ListItem\",\"position\":2,\"name\":\"Nosotros\"}]},{\"@type\":\"WebSite\",\"@id\":\"https:\\\/\\\/amayatech.com.do\\\/#website\",\"url\":\"https:\\\/\\\/amayatech.com.do\\\/\",\"name\":\"Amaya Tech\",\"description\":\"\",\"publisher\":{\"@id\":\"https:\\\/\\\/amayatech.com.do\\\/#organization\"},\"potentialAction\":[{\"@type\":\"SearchAction\",\"target\":{\"@type\":\"EntryPoint\",\"urlTemplate\":\"https:\\\/\\\/amayatech.com.do\\\/?s={search_term_string}\"},\"query-input\":{\"@type\":\"PropertyValueSpecification\",\"valueRequired\":true,\"valueName\":\"search_term_string\"}}],\"inLanguage\":\"es\"},{\"@type\":\"Organization\",\"@id\":\"https:\\\/\\\/amayatech.com.do\\\/#organization\",\"name\":\"Amaya Tech\",\"url\":\"https:\\\/\\\/amayatech.com.do\\\/\",\"logo\":{\"@type\":\"ImageObject\",\"inLanguage\":\"es\",\"@id\":\"https:\\\/\\\/amayatech.com.do\\\/#\\\/schema\\\/logo\\\/image\\\/\",\"url\":\"https:\\\/\\\/amayatech.com.do\\\/wp-content\\\/uploads\\\/2025\\\/05\\\/cropped-LOGO-AMAYA-TECH-COMPLETO-1-scaled-1.png\",\"contentUrl\":\"https:\\\/\\\/amayatech.com.do\\\/wp-content\\\/uploads\\\/2025\\\/05\\\/cropped-LOGO-AMAYA-TECH-COMPLETO-1-scaled-1.png\",\"width\":2360,\"height\":488,\"caption\":\"Amaya Tech\"},\"image\":{\"@id\":\"https:\\\/\\\/amayatech.com.do\\\/#\\\/schema\\\/logo\\\/image\\\/\"},\"sameAs\":[\"https:\\\/\\\/www.facebook.com\\\/profile.php?id=61560988652388\",\"https:\\\/\\\/www.instagram.com\\\/amayatechrd\\\/\",\"http:\\\/\\\/linkedin.com\\\/in\\\/amaya-tech-b67991309\"]}]}<\/script>\n<!-- \/ Yoast SEO plugin. -->","yoast_head_json":{"title":"Nosotros - Amaya Tech","robots":{"index":"index","follow":"follow","max-snippet":"max-snippet:-1","max-image-preview":"max-image-preview:large","max-video-preview":"max-video-preview:-1"},"canonical":"https:\/\/amayatech.com.do\/?page_id=57","og_locale":"es_ES","og_type":"article","og_title":"Nosotros - Amaya Tech","og_description":"Somos un equipo de consultores multidisciplinarios con m\u00e1s de 10 a\u00f1os de experiencia en el mercado, comprometidos con la entrega de soluciones tecnol\u00f3gicas integrales, efectivas y orientadas a resultados. En Amaya tech, comprendemos que cada organizaci\u00f3n es \u00fanica. Por eso, nos especializamos en ofrecer servicios personalizados que se adaptan a las necesidades espec\u00edficas de cada [&hellip;]","og_url":"https:\/\/amayatech.com.do\/?page_id=57","og_site_name":"Amaya Tech","article_publisher":"https:\/\/www.facebook.com\/profile.php?id=61560988652388","article_modified_time":"2025-05-06T21:47:24+00:00","og_image":[{"url":"https:\/\/amayatech.com.do\/wp-content\/uploads\/2025\/05\/mision.png","type":"","width":"","height":""}],"twitter_card":"summary_large_image","twitter_misc":{"Tiempo de lectura":"1 minuto"},"schema":{"@context":"https:\/\/schema.org","@graph":[{"@type":"WebPage","@id":"https:\/\/amayatech.com.do\/?page_id=57","url":"https:\/\/amayatech.com.do\/?page_id=57","name":"Nosotros - Amaya Tech","isPartOf":{"@id":"https:\/\/amayatech.com.do\/#website"},"primaryImageOfPage":{"@id":"https:\/\/amayatech.com.do\/?page_id=57#primaryimage"},"image":{"@id":"https:\/\/amayatech.com.do\/?page_id=57#primaryimage"},"thumbnailUrl":"https:\/\/amayatech.com.do\/wp-content\/uploads\/2025\/05\/mision.png","datePublished":"2025-05-06T19:40:55+00:00","dateModified":"2025-05-06T21:47:24+00:00","breadcrumb":{"@id":"https:\/\/amayatech.com.do\/?page_id=57#breadcrumb"},"inLanguage":"es","potentialAction":[{"@type":"ReadAction","target":["https:\/\/amayatech.com.do\/?page_id=57"]}]},{"@type":"ImageObject","inLanguage":"es","@id":"https:\/\/amayatech.com.do\/?page_id=57#primaryimage","url":"https:\/\/amayatech.com.do\/wp-content\/uploads\/2025\/05\/mision.png","contentUrl":"https:\/\/amayatech.com.do\/wp-content\/uploads\/2025\/05\/mision.png","width":66,"height":62},{"@type":"BreadcrumbList","@id":"https:\/\/amayatech.com.do\/?page_id=57#breadcrumb","itemListElement":[{"@type":"ListItem","position":1,"name":"Portada","item":"https:\/\/amayatech.com.do\/"},{"@type":"ListItem","position":2,"name":"Nosotros"}]},{"@type":"WebSite","@id":"https:\/\/amayatech.com.do\/#website","url":"https:\/\/amayatech.com.do\/","name":"Amaya Tech","description":"","publisher":{"@id":"https:\/\/amayatech.com.do\/#organization"},"potentialAction":[{"@type":"SearchAction","target":{"@type":"EntryPoint","urlTemplate":"https:\/\/amayatech.com.do\/?s={search_term_string}"},"query-input":{"@type":"PropertyValueSpecification","valueRequired":true,"valueName":"search_term_string"}}],"inLanguage":"es"},{"@type":"Organization","@id":"https:\/\/amayatech.com.do\/#organization","name":"Amaya Tech","url":"https:\/\/amayatech.com.do\/","logo":{"@type":"ImageObject","inLanguage":"es","@id":"https:\/\/amayatech.com.do\/#\/schema\/logo\/image\/","url":"https:\/\/amayatech.com.do\/wp-content\/uploads\/2025\/05\/cropped-LOGO-AMAYA-TECH-COMPLETO-1-scaled-1.png","contentUrl":"https:\/\/amayatech.com.do\/wp-content\/uploads\/2025\/05\/cropped-LOGO-AMAYA-TECH-COMPLETO-1-scaled-1.png","width":2360,"height":488,"caption":"Amaya Tech"},"image":{"@id":"https:\/\/amayatech.com.do\/#\/schema\/logo\/image\/"},"sameAs":["https:\/\/www.facebook.com\/profile.php?id=61560988652388","https:\/\/www.instagram.com\/amayatechrd\/","http:\/\/linkedin.com\/in\/amaya-tech-b67991309"]}]}},"_links":{"self":[{"href":"https:\/\/amayatech.com.do\/index.php?rest_route=\/wp\/v2\/pages\/57","targetHints":{"allow":["GET"]}}],"collection":[{"href":"https:\/\/amayatech.com.do\/index.php?rest_route=\/wp\/v2\/pages"}],"about":[{"href":"https:\/\/amayatech.com.do\/index.php?rest_route=\/wp\/v2\/types\/page"}],"author":[{"embeddable":true,"href":"https:\/\/amayatech.com.do\/index.php?rest_route=\/wp\/v2\/users\/1"}],"replies":[{"embeddable":true,"href":"https:\/\/amayatech.com.do\/index.php?rest_route=%2Fwp%2Fv2%2Fcomments&post=57"}],"version-history":[{"count":112,"href":"https:\/\/amayatech.com.do\/index.php?rest_route=\/wp\/v2\/pages\/57\/revisions"}],"predecessor-version":[{"id":183,"href":"https:\/\/amayatech.com.do\/index.php?rest_route=\/wp\/v2\/pages\/57\/revisions\/183"}],"wp:attachment":[{"href":"https:\/\/amayatech.com.do\/index.php?rest_route=%2Fwp%2Fv2%2Fmedia&parent=57"}],"curies":[{"name":"wp","href":"https:\/\/api.w.org\/{rel}","templated":true}]}}